{"id":243,"date":"2020-04-11T09:11:44","date_gmt":"2020-04-11T09:11:44","guid":{"rendered":"https:\/\/obstmost.at\/wpc\/?page_id=243"},"modified":"2020-04-11T09:16:17","modified_gmt":"2020-04-11T09:16:17","slug":"impressum","status":"publish","type":"page","link":"https:\/\/obstmost.at\/wpc\/index.php\/impressum\/","title":{"rendered":"Impressum"},"content":{"rendered":"\t\t<div data-elementor-type=\"wp-page\" data-elementor-id=\"243\" class=\"elementor elementor-243\">\n\t\t\t\t\t\t<section class=\"elementor-section elementor-top-section elementor-element elementor-element-8318eea elementor-section-boxed elementor-section-height-default elementor-section-height-default\" data-id=\"8318eea\" data-element_type=\"section\">\n\t\t\t\t\t\t<div class=\"elementor-container elementor-column-gap-default\">\n\t\t\t\t\t<div class=\"elementor-column elementor-col-100 elementor-top-column elementor-element elementor-element-68c2e16\" data-id=\"68c2e16\" data-element_type=\"column\">\n\t\t\t<div class=\"elementor-widget-wrap elementor-element-populated\">\n\t\t\t\t\t\t<div class=\"elementor-element elementor-element-fc1eb6e elementor-widget-divider--view-line elementor-widget elementor-widget-divider\" data-id=\"fc1eb6e\" data-element_type=\"widget\" data-widget_type=\"divider.default\">\n\t\t\t\t<div class=\"elementor-widget-container\">\n\t\t\t\t\t\t\t<div class=\"elementor-divider\">\n\t\t\t<span class=\"elementor-divider-separator\">\n\t\t\t\t\t\t<\/span>\n\t\t<\/div>\n\t\t\t\t\t\t<\/div>\n\t\t\t\t<\/div>\n\t\t\t\t\t<\/div>\n\t\t<\/div>\n\t\t\t\t\t<\/div>\n\t\t<\/section>\n\t\t\t\t<section class=\"elementor-section elementor-top-section elementor-element elementor-element-9057dec elementor-section-boxed elementor-section-height-default elementor-section-height-default\" data-id=\"9057dec\" data-element_type=\"section\">\n\t\t\t\t\t\t<div class=\"elementor-container elementor-column-gap-default\">\n\t\t\t\t\t<div class=\"elementor-column elementor-col-100 elementor-top-column elementor-element elementor-element-d6b6e56\" data-id=\"d6b6e56\" data-element_type=\"column\">\n\t\t\t<div class=\"elementor-widget-wrap elementor-element-populated\">\n\t\t\t\t\t\t<div class=\"elementor-element elementor-element-171734a elementor-widget elementor-widget-text-editor\" data-id=\"171734a\" data-element_type=\"widget\" data-widget_type=\"text-editor.default\">\n\t\t\t\t<div class=\"elementor-widget-container\">\n\t\t\t\t\t\t\t\t\t<p id=\"u803-2\">Obstverarbeitung Winkler<br \/>Ungerbach 30<br \/>2860 Kirchschlag<br \/>\u00d6sterreich<\/p><p id=\"u803-11\">Telefon: +43 (0) 2646\/ 2549<br \/>Fax.: +43 (0) 2646\/ 2549 20<br \/>Mobil Edi: +43 650\/2549 111<br \/>E-Mail: info@obstmost.at<\/p><p id=\"u803-21\">Aufsichtsbeh\u00f6rde: Bezirkshauptmannschaft Wiener Neustadt<br \/>Wirtschaftskammer: Nr. 217 869<br \/>UID-Nr.: ATU 530 19905<\/p><p id=\"u803-29\"><span id=\"u803-28\">F\u00fcr den Inhalt verantwortlich\/ Medieninhaber:<br \/><\/span>Genauer Firmenname: Eduard Winkler Obstverarbeitung<br \/>Adresse: Ungerbach 30, 2860 Kirchschlag<br \/>Unternehmensgegenstand: Obstverarbeitung und Maschinenhandel<\/p><p id=\"u803-40\">Haftungshinweis:<br \/>Die Inhalte dieser Website sind urheberrechtlich gesch\u00fctzt. Alle Rechte vorbehalten.<br \/>Jede Nutzung bzw. Weiterverwendung von Inhalten (dies gilt insbesondere f\u00fcr Texte, Bilder, Grafiken und Programmcode) und die Portierung auf andere Medien bedarf ausnahmslos der schriftlichen Genehmigung des Medieninhabers.<br \/>Bei Inhalten, deren Urheberrecht bei Dritten liegt, ist zus\u00e4tzlich deren Zustimmung einzuholen. F\u00fcr Inhalte auf verlinkte externe Seiten wird keine Garantie und Haftung \u00fcbernommen.<\/p><p>\u00a0<\/p><p id=\"u803-50\">Copyright by <strong>Leona Winkler<\/strong><\/p>\t\t\t\t\t\t\t\t<\/div>\n\t\t\t\t<\/div>\n\t\t\t\t\t<\/div>\n\t\t<\/div>\n\t\t\t\t\t<\/div>\n\t\t<\/section>\n\t\t\t\t<section class=\"elementor-section elementor-top-section elementor-element elementor-element-be38b86 elementor-section-boxed elementor-section-height-default elementor-section-height-default\" data-id=\"be38b86\" data-element_type=\"section\">\n\t\t\t\t\t\t<div class=\"elementor-container elementor-column-gap-default\">\n\t\t\t\t\t<div class=\"elementor-column elementor-col-100 elementor-top-column elementor-element elementor-element-3705fc1\" data-id=\"3705fc1\" data-element_type=\"column\">\n\t\t\t<div class=\"elementor-widget-wrap elementor-element-populated\">\n\t\t\t\t\t\t<div class=\"elementor-element elementor-element-5fa9945 elementor-widget-divider--view-line elementor-widget elementor-widget-divider\" data-id=\"5fa9945\" data-element_type=\"widget\" data-widget_type=\"divider.default\">\n\t\t\t\t<div class=\"elementor-widget-container\">\n\t\t\t\t\t\t\t<div class=\"elementor-divider\">\n\t\t\t<span class=\"elementor-divider-separator\">\n\t\t\t\t\t\t<\/span>\n\t\t<\/div>\n\t\t\t\t\t\t<\/div>\n\t\t\t\t<\/div>\n\t\t\t\t\t<\/div>\n\t\t<\/div>\n\t\t\t\t\t<\/div>\n\t\t<\/section>\n\t\t\t\t<\/div>\n\t\t","protected":false},"excerpt":{"rendered":"<p>Obstverarbeitung WinklerUngerbach 302860 Kirchschlag\u00d6sterreich Telefon: +43 (0) 2646\/ 2549Fax.: +43<span class=\"more-dots\"><a href=\"https:\/\/obstmost.at\/wpc\/index.php\/impressum\/\">[ &#8230; ]<\/span><\/a><\/p>\n","protected":false},"author":1,"featured_media":0,"parent":0,"menu_order":0,"comment_status":"closed","ping_status":"closed","template":"","meta":{"footnotes":""},"class_list":["post-243","page","type-page","status-publish","hentry"],"yoast_head":"<!-- This site is optimized with the Yoast SEO plugin v23.8 - https:\/\/yoast.com\/wordpress\/plugins\/seo\/ -->\n<title>Impressum &#8211; Obstverarbeitung Winkler<\/title>\n<meta name=\"description\" content=\"Wir sind ein Familienbetrieb in der Buckligen Welt und stellen Fruchs\u00e4fte, Obsmost, Edelbr\u00e4nde und vieles mehr her! Wir freuen uns auf Ihren Besuch!\" \/>\n<meta name=\"robots\" content=\"index, follow, max-snippet:-1, max-image-preview:large, max-video-preview:-1\" \/>\n<link rel=\"canonical\" href=\"https:\/\/obstmost.at\/wpc\/index.php\/impressum\/\" \/>\n<meta property=\"og:locale\" content=\"de_DE\" \/>\n<meta property=\"og:type\" content=\"article\" \/>\n<meta property=\"og:title\" content=\"Impressum &#8211; Obstverarbeitung Winkler\" \/>\n<meta property=\"og:description\" content=\"Wir sind ein Familienbetrieb in der Buckligen Welt und stellen Fruchs\u00e4fte, Obsmost, Edelbr\u00e4nde und vieles mehr her! Wir freuen uns auf Ihren Besuch!\" \/>\n<meta property=\"og:url\" content=\"https:\/\/obstmost.at\/wpc\/index.php\/impressum\/\" \/>\n<meta property=\"og:site_name\" content=\"Obstverarbeitung Winkler\" \/>\n<meta property=\"article:modified_time\" content=\"2020-04-11T09:16:17+00:00\" \/>\n<meta name=\"twitter:card\" content=\"summary_large_image\" \/>\n<meta name=\"twitter:label1\" content=\"Gesch\u00e4tzte Lesezeit\" \/>\n\t<meta name=\"twitter:data1\" content=\"1\u00a0Minute\" \/>\n<script type=\"application\/ld+json\" class=\"yoast-schema-graph\">{\"@context\":\"https:\/\/schema.org\",\"@graph\":[{\"@type\":\"WebPage\",\"@id\":\"https:\/\/obstmost.at\/wpc\/index.php\/impressum\/\",\"url\":\"https:\/\/obstmost.at\/wpc\/index.php\/impressum\/\",\"name\":\"Impressum &#8211; Obstverarbeitung Winkler\",\"isPartOf\":{\"@id\":\"https:\/\/obstmost.at\/wpc\/#website\"},\"datePublished\":\"2020-04-11T09:11:44+00:00\",\"dateModified\":\"2020-04-11T09:16:17+00:00\",\"description\":\"Wir sind ein Familienbetrieb in der Buckligen Welt und stellen Fruchs\u00e4fte, Obsmost, Edelbr\u00e4nde und vieles mehr her! Wir freuen uns auf Ihren Besuch!\",\"breadcrumb\":{\"@id\":\"https:\/\/obstmost.at\/wpc\/index.php\/impressum\/#breadcrumb\"},\"inLanguage\":\"de\",\"potentialAction\":[{\"@type\":\"ReadAction\",\"target\":[\"https:\/\/obstmost.at\/wpc\/index.php\/impressum\/\"]}]},{\"@type\":\"BreadcrumbList\",\"@id\":\"https:\/\/obstmost.at\/wpc\/index.php\/impressum\/#breadcrumb\",\"itemListElement\":[{\"@type\":\"ListItem\",\"position\":1,\"name\":\"Startseite\",\"item\":\"https:\/\/obstmost.at\/wpc\/\"},{\"@type\":\"ListItem\",\"position\":2,\"name\":\"Impressum\"}]},{\"@type\":\"WebSite\",\"@id\":\"https:\/\/obstmost.at\/wpc\/#website\",\"url\":\"https:\/\/obstmost.at\/wpc\/\",\"name\":\"Obstverarbeitung Winkler\",\"description\":\"Familienbetrieb in der Buckligen Welt\",\"publisher\":{\"@id\":\"https:\/\/obstmost.at\/wpc\/#organization\"},\"potentialAction\":[{\"@type\":\"SearchAction\",\"target\":{\"@type\":\"EntryPoint\",\"urlTemplate\":\"https:\/\/obstmost.at\/wpc\/?s={search_term_string}\"},\"query-input\":{\"@type\":\"PropertyValueSpecification\",\"valueRequired\":true,\"valueName\":\"search_term_string\"}}],\"inLanguage\":\"de\"},{\"@type\":\"Organization\",\"@id\":\"https:\/\/obstmost.at\/wpc\/#organization\",\"name\":\"Obstverarbeitung Winkler\",\"url\":\"https:\/\/obstmost.at\/wpc\/\",\"logo\":{\"@type\":\"ImageObject\",\"inLanguage\":\"de\",\"@id\":\"https:\/\/obstmost.at\/wpc\/#\/schema\/logo\/image\/\",\"url\":\"https:\/\/i0.wp.com\/obstmost.at\/wpc\/wp-content\/uploads\/2020\/04\/icon.jpg?fit=600%2C600&ssl=1\",\"contentUrl\":\"https:\/\/i0.wp.com\/obstmost.at\/wpc\/wp-content\/uploads\/2020\/04\/icon.jpg?fit=600%2C600&ssl=1\",\"width\":600,\"height\":600,\"caption\":\"Obstverarbeitung Winkler\"},\"image\":{\"@id\":\"https:\/\/obstmost.at\/wpc\/#\/schema\/logo\/image\/\"},\"sameAs\":[\"https:\/\/www.instagram.com\/obstverarbeitung_winkler\/\"]}]}<\/script>\n<!-- \/ Yoast SEO plugin. -->","yoast_head_json":{"title":"Impressum &#8211; Obstverarbeitung Winkler","description":"Wir sind ein Familienbetrieb in der Buckligen Welt und stellen Fruchs\u00e4fte, Obsmost, Edelbr\u00e4nde und vieles mehr her! Wir freuen uns auf Ihren Besuch!","robots":{"index":"index","follow":"follow","max-snippet":"max-snippet:-1","max-image-preview":"max-image-preview:large","max-video-preview":"max-video-preview:-1"},"canonical":"https:\/\/obstmost.at\/wpc\/index.php\/impressum\/","og_locale":"de_DE","og_type":"article","og_title":"Impressum &#8211; Obstverarbeitung Winkler","og_description":"Wir sind ein Familienbetrieb in der Buckligen Welt und stellen Fruchs\u00e4fte, Obsmost, Edelbr\u00e4nde und vieles mehr her! Wir freuen uns auf Ihren Besuch!","og_url":"https:\/\/obstmost.at\/wpc\/index.php\/impressum\/","og_site_name":"Obstverarbeitung Winkler","article_modified_time":"2020-04-11T09:16:17+00:00","twitter_card":"summary_large_image","twitter_misc":{"Gesch\u00e4tzte Lesezeit":"1\u00a0Minute"},"schema":{"@context":"https:\/\/schema.org","@graph":[{"@type":"WebPage","@id":"https:\/\/obstmost.at\/wpc\/index.php\/impressum\/","url":"https:\/\/obstmost.at\/wpc\/index.php\/impressum\/","name":"Impressum &#8211; Obstverarbeitung Winkler","isPartOf":{"@id":"https:\/\/obstmost.at\/wpc\/#website"},"datePublished":"2020-04-11T09:11:44+00:00","dateModified":"2020-04-11T09:16:17+00:00","description":"Wir sind ein Familienbetrieb in der Buckligen Welt und stellen Fruchs\u00e4fte, Obsmost, Edelbr\u00e4nde und vieles mehr her! Wir freuen uns auf Ihren Besuch!","breadcrumb":{"@id":"https:\/\/obstmost.at\/wpc\/index.php\/impressum\/#breadcrumb"},"inLanguage":"de","potentialAction":[{"@type":"ReadAction","target":["https:\/\/obstmost.at\/wpc\/index.php\/impressum\/"]}]},{"@type":"BreadcrumbList","@id":"https:\/\/obstmost.at\/wpc\/index.php\/impressum\/#breadcrumb","itemListElement":[{"@type":"ListItem","position":1,"name":"Startseite","item":"https:\/\/obstmost.at\/wpc\/"},{"@type":"ListItem","position":2,"name":"Impressum"}]},{"@type":"WebSite","@id":"https:\/\/obstmost.at\/wpc\/#website","url":"https:\/\/obstmost.at\/wpc\/","name":"Obstverarbeitung Winkler","description":"Familienbetrieb in der Buckligen Welt","publisher":{"@id":"https:\/\/obstmost.at\/wpc\/#organization"},"potentialAction":[{"@type":"SearchAction","target":{"@type":"EntryPoint","urlTemplate":"https:\/\/obstmost.at\/wpc\/?s={search_term_string}"},"query-input":{"@type":"PropertyValueSpecification","valueRequired":true,"valueName":"search_term_string"}}],"inLanguage":"de"},{"@type":"Organization","@id":"https:\/\/obstmost.at\/wpc\/#organization","name":"Obstverarbeitung Winkler","url":"https:\/\/obstmost.at\/wpc\/","logo":{"@type":"ImageObject","inLanguage":"de","@id":"https:\/\/obstmost.at\/wpc\/#\/schema\/logo\/image\/","url":"https:\/\/i0.wp.com\/obstmost.at\/wpc\/wp-content\/uploads\/2020\/04\/icon.jpg?fit=600%2C600&ssl=1","contentUrl":"https:\/\/i0.wp.com\/obstmost.at\/wpc\/wp-content\/uploads\/2020\/04\/icon.jpg?fit=600%2C600&ssl=1","width":600,"height":600,"caption":"Obstverarbeitung Winkler"},"image":{"@id":"https:\/\/obstmost.at\/wpc\/#\/schema\/logo\/image\/"},"sameAs":["https:\/\/www.instagram.com\/obstverarbeitung_winkler\/"]}]}},"jetpack_sharing_enabled":true,"_links":{"self":[{"href":"https:\/\/obstmost.at\/wpc\/index.php\/wp-json\/wp\/v2\/pages\/243"}],"collection":[{"href":"https:\/\/obstmost.at\/wpc\/index.php\/wp-json\/wp\/v2\/pages"}],"about":[{"href":"https:\/\/obstmost.at\/wpc\/index.php\/wp-json\/wp\/v2\/types\/page"}],"author":[{"embeddable":true,"href":"https:\/\/obstmost.at\/wpc\/index.php\/wp-json\/wp\/v2\/users\/1"}],"replies":[{"embeddable":true,"href":"https:\/\/obstmost.at\/wpc\/index.php\/wp-json\/wp\/v2\/comments?post=243"}],"version-history":[{"count":2,"href":"https:\/\/obstmost.at\/wpc\/index.php\/wp-json\/wp\/v2\/pages\/243\/revisions"}],"predecessor-version":[{"id":245,"href":"https:\/\/obstmost.at\/wpc\/index.php\/wp-json\/wp\/v2\/pages\/243\/revisions\/245"}],"wp:attachment":[{"href":"https:\/\/obstmost.at\/wpc\/index.php\/wp-json\/wp\/v2\/media?parent=243"}],"curies":[{"name":"wp","href":"https:\/\/api.w.org\/{rel}","templated":true}]}}